{"id":2035,"date":"2024-10-23T13:53:20","date_gmt":"2024-10-23T13:53:20","guid":{"rendered":"https:\/\/obagaactivitats.cat\/formacion\/"},"modified":"2024-12-11T22:20:57","modified_gmt":"2024-12-11T22:20:57","slug":"formation","status":"publish","type":"page","link":"https:\/\/obagaactivitats.cat\/fr\/formation\/","title":{"rendered":"Formation"},"content":{"rendered":"\t\t<div data-elementor-type=\"wp-page\" data-elementor-id=\"2035\" class=\"elementor elementor-2035 elementor-76\" data-elementor-post-type=\"page\">\n\t\t\t\t\t\t<section class=\"elementor-section elementor-top-section elementor-element elementor-element-561add97 elementor-section-boxed elementor-section-height-default elementor-section-height-default\" data-id=\"561add97\" data-element_type=\"section\" data-e-type=\"section\" data-settings=\"{&quot;background_background&quot;:&quot;classic&quot;}\">\n\t\t\t\t\t\t\t<div class=\"elementor-background-overlay\"><\/div>\n\t\t\t\t\t\t\t<div class=\"elementor-container elementor-column-gap-default\">\n\t\t\t\t\t<div class=\"elementor-column elementor-col-100 elementor-top-column elementor-element elementor-element-39187092 elementor-invisible\" data-id=\"39187092\" data-element_type=\"column\" data-e-type=\"column\" data-settings=\"{&quot;animation&quot;:&quot;fadeInUp&quot;}\">\n\t\t\t<div class=\"elementor-widget-wrap elementor-element-populated\">\n\t\t\t\t\t\t<div class=\"elementor-element elementor-element-4712d556 elementor-widget elementor-widget-heading\" data-id=\"4712d556\" data-element_type=\"widget\" data-e-type=\"widget\" data-widget_type=\"heading.default\">\n\t\t\t\t<div class=\"elementor-widget-container\">\n\t\t\t\t\t<h1 class=\"elementor-heading-title elementor-size-default\">Formation<\/h1>\t\t\t\t<\/div>\n\t\t\t\t<\/div>\n\t\t\t\t<div class=\"elementor-element elementor-element-7c21212d elementor-widget elementor-widget-heading\" data-id=\"7c21212d\" data-element_type=\"widget\" data-e-type=\"widget\" data-widget_type=\"heading.default\">\n\t\t\t\t<div class=\"elementor-widget-container\">\n\t\t\t\t\t<h3 class=\"elementor-heading-title elementor-size-default\">OBAGA TRAINING travaille \u00e0 la cr\u00e9ation de monographies environnementales sp\u00e9cifiques et avec les diff\u00e9rentes entit\u00e9s qui d\u00e9veloppent des cours de formation.\n<\/h3>\t\t\t\t<\/div>\n\t\t\t\t<\/div>\n\t\t\t\t\t<\/div>\n\t\t<\/div>\n\t\t\t\t\t<\/div>\n\t\t<\/section>\n\t\t\t\t<section class=\"elementor-section elementor-top-section elementor-element elementor-element-5b88a42a elementor-section-boxed elementor-section-height-default elementor-section-height-default\" data-id=\"5b88a42a\" data-element_type=\"section\" data-e-type=\"section\">\n\t\t\t\t\t\t<div class=\"elementor-container elementor-column-gap-default\">\n\t\t\t\t\t<div class=\"elementor-column elementor-col-50 elementor-top-column elementor-element elementor-element-27889d01 elementor-invisible\" data-id=\"27889d01\" data-element_type=\"column\" data-e-type=\"column\" data-settings=\"{&quot;animation&quot;:&quot;fadeInLeft&quot;}\">\n\t\t\t<div class=\"elementor-widget-wrap elementor-element-populated\">\n\t\t\t\t\t\t<div class=\"elementor-element elementor-element-4909ca6c elementor-widget elementor-widget-heading\" data-id=\"4909ca6c\" data-element_type=\"widget\" data-e-type=\"widget\" data-widget_type=\"heading.default\">\n\t\t\t\t<div class=\"elementor-widget-container\">\n\t\t\t\t\t<h6 class=\"elementor-heading-title elementor-size-default\">Formation<\/h6>\t\t\t\t<\/div>\n\t\t\t\t<\/div>\n\t\t\t\t<div class=\"elementor-element elementor-element-6b97de74 elementor-widget elementor-widget-heading\" data-id=\"6b97de74\" data-element_type=\"widget\" data-e-type=\"widget\" data-widget_type=\"heading.default\">\n\t\t\t\t<div class=\"elementor-widget-container\">\n\t\t\t\t\t<h2 class=\"elementor-heading-title elementor-size-default\">Nous faisons partie de l'\u00e9quipe de professeurs de l'\u00c9cole technique du sport du Val d'Aran (ETEVA).<\/h2>\t\t\t\t<\/div>\n\t\t\t\t<\/div>\n\t\t\t\t<div class=\"elementor-element elementor-element-3821d2fc elementor-widget elementor-widget-text-editor\" data-id=\"3821d2fc\" data-element_type=\"widget\" data-e-type=\"widget\" data-widget_type=\"text-editor.default\">\n\t\t\t\t<div class=\"elementor-widget-container\">\n\t\t\t\t\t\t\t\t\t<ul><li>Moniteurs de jeunesse et de loisirs<\/li><li>Directeurs d&rsquo;activit\u00e9s de loisirs et de jeunesse<\/li><li>Monographies sur la connaissance de l&rsquo;environnement (flore, astronomie, faune&#8230;).<\/li><li>Techniciens sportifs, avec pour th\u00e8me le milieu montagnard.<\/li><\/ul>\t\t\t\t\t\t\t\t<\/div>\n\t\t\t\t<\/div>\n\t\t\t\t\t<\/div>\n\t\t<\/div>\n\t\t\t\t<div class=\"elementor-column elementor-col-50 elementor-top-column elementor-element elementor-element-5956d53b\" data-id=\"5956d53b\" data-element_type=\"column\" data-e-type=\"column\">\n\t\t\t<div class=\"elementor-widget-wrap elementor-element-populated\">\n\t\t\t\t\t\t<div class=\"elementor-element elementor-element-4ce8fd64 elementor-invisible elementor-widget elementor-widget-image\" data-id=\"4ce8fd64\" data-element_type=\"widget\" data-e-type=\"widget\" data-settings=\"{&quot;motion_fx_motion_fx_scrolling&quot;:&quot;yes&quot;,&quot;motion_fx_rotateZ_effect&quot;:&quot;yes&quot;,&quot;motion_fx_rotateZ_direction&quot;:&quot;negative&quot;,&quot;motion_fx_rotateZ_speed&quot;:{&quot;unit&quot;:&quot;px&quot;,&quot;size&quot;:0.2,&quot;sizes&quot;:[]},&quot;motion_fx_rotateZ_affectedRange&quot;:{&quot;unit&quot;:&quot;%&quot;,&quot;size&quot;:&quot;&quot;,&quot;sizes&quot;:{&quot;start&quot;:12,&quot;end&quot;:27}},&quot;_animation&quot;:&quot;bounceInDown&quot;,&quot;motion_fx_devices&quot;:[&quot;desktop&quot;,&quot;tablet&quot;,&quot;mobile&quot;]}\" data-widget_type=\"image.default\">\n\t\t\t\t<div class=\"elementor-widget-container\">\n\t\t\t\t\t\t\t\t\t\t\t\t\t\t\t<img fetchpriority=\"high\" decoding=\"async\" width=\"1984\" height=\"1488\" src=\"https:\/\/obagaactivitats.cat\/wp-content\/uploads\/2024\/10\/IMG-20210608-WA0044.jpg\" class=\"attachment-full size-full wp-image-1693\" alt=\"\" srcset=\"https:\/\/obagaactivitats.cat\/wp-content\/uploads\/2024\/10\/IMG-20210608-WA0044.jpg 1984w, https:\/\/obagaactivitats.cat\/wp-content\/uploads\/2024\/10\/IMG-20210608-WA0044-300x225.jpg 300w, https:\/\/obagaactivitats.cat\/wp-content\/uploads\/2024\/10\/IMG-20210608-WA0044-1024x768.jpg 1024w, https:\/\/obagaactivitats.cat\/wp-content\/uploads\/2024\/10\/IMG-20210608-WA0044-768x576.jpg 768w, https:\/\/obagaactivitats.cat\/wp-content\/uploads\/2024\/10\/IMG-20210608-WA0044-1536x1152.jpg 1536w\" sizes=\"(max-width: 1984px) 100vw, 1984px\" \/>\t\t\t\t\t\t\t\t\t\t\t\t\t\t\t<\/div>\n\t\t\t\t<\/div>\n\t\t\t\t<div class=\"elementor-element elementor-element-3ecff691 elementor-widget__width-initial elementor-absolute elementor-invisible elementor-widget elementor-widget-image\" data-id=\"3ecff691\" data-element_type=\"widget\" data-e-type=\"widget\" data-settings=\"{&quot;motion_fx_motion_fx_scrolling&quot;:&quot;yes&quot;,&quot;motion_fx_rotateZ_effect&quot;:&quot;yes&quot;,&quot;motion_fx_rotateZ_speed&quot;:{&quot;unit&quot;:&quot;px&quot;,&quot;size&quot;:0.5,&quot;sizes&quot;:[]},&quot;motion_fx_rotateZ_affectedRange&quot;:{&quot;unit&quot;:&quot;%&quot;,&quot;size&quot;:&quot;&quot;,&quot;sizes&quot;:{&quot;start&quot;:25,&quot;end&quot;:37}},&quot;_animation&quot;:&quot;bounceInRight&quot;,&quot;_position&quot;:&quot;absolute&quot;,&quot;motion_fx_devices&quot;:[&quot;desktop&quot;,&quot;tablet&quot;,&quot;mobile&quot;]}\" data-widget_type=\"image.default\">\n\t\t\t\t<div class=\"elementor-widget-container\">\n\t\t\t\t\t\t\t\t\t\t\t\t\t\t\t<img decoding=\"async\" width=\"1280\" height=\"854\" src=\"https:\/\/obagaactivitats.cat\/wp-content\/uploads\/2024\/10\/P1340066.jpg\" class=\"attachment-full size-full wp-image-1654\" alt=\"\" srcset=\"https:\/\/obagaactivitats.cat\/wp-content\/uploads\/2024\/10\/P1340066.jpg 1280w, https:\/\/obagaactivitats.cat\/wp-content\/uploads\/2024\/10\/P1340066-300x200.jpg 300w, https:\/\/obagaactivitats.cat\/wp-content\/uploads\/2024\/10\/P1340066-1024x683.jpg 1024w, https:\/\/obagaactivitats.cat\/wp-content\/uploads\/2024\/10\/P1340066-768x512.jpg 768w\" sizes=\"(max-width: 1280px) 100vw, 1280px\" \/>\t\t\t\t\t\t\t\t\t\t\t\t\t\t\t<\/div>\n\t\t\t\t<\/div>\n\t\t\t\t\t<\/div>\n\t\t<\/div>\n\t\t\t\t\t<\/div>\n\t\t<\/section>\n\t\t\t\t<section class=\"elementor-section elementor-top-section elementor-element elementor-element-4e2ec91a elementor-section-full_width elementor-section-height-default elementor-section-height-default elementor-invisible\" data-id=\"4e2ec91a\" data-element_type=\"section\" data-e-type=\"section\" data-settings=\"{&quot;background_background&quot;:&quot;classic&quot;,&quot;animation&quot;:&quot;fadeInUp&quot;}\">\n\t\t\t\t\t\t\t<div class=\"elementor-background-overlay\"><\/div>\n\t\t\t\t\t\t\t<div class=\"elementor-container elementor-column-gap-default\">\n\t\t\t\t\t<div class=\"elementor-column elementor-col-100 elementor-top-column elementor-element elementor-element-5ed9f86d\" data-id=\"5ed9f86d\" data-element_type=\"column\" data-e-type=\"column\">\n\t\t\t<div class=\"elementor-widget-wrap elementor-element-populated\">\n\t\t\t\t\t\t<div class=\"elementor-element elementor-element-5a227114 elementor-widget elementor-widget-heading\" data-id=\"5a227114\" data-element_type=\"widget\" data-e-type=\"widget\" data-widget_type=\"heading.default\">\n\t\t\t\t<div class=\"elementor-widget-container\">\n\t\t\t\t\t<h6 class=\"elementor-heading-title elementor-size-default\">Albums<\/h6>\t\t\t\t<\/div>\n\t\t\t\t<\/div>\n\t\t\t\t<div class=\"elementor-element elementor-element-6368ae52 elementor-widget elementor-widget-heading\" data-id=\"6368ae52\" data-element_type=\"widget\" data-e-type=\"widget\" data-widget_type=\"heading.default\">\n\t\t\t\t<div class=\"elementor-widget-container\">\n\t\t\t\t\t<h2 class=\"elementor-heading-title elementor-size-default\">Formation<\/h2>\t\t\t\t<\/div>\n\t\t\t\t<\/div>\n\t\t\t\t<div class=\"elementor-element elementor-element-40b7f1af elementor-widget elementor-widget-gallery\" data-id=\"40b7f1af\" data-element_type=\"widget\" data-e-type=\"widget\" data-settings=\"{&quot;gallery_layout&quot;:&quot;masonry&quot;,&quot;columns_tablet&quot;:3,&quot;columns_mobile&quot;:2,&quot;columns&quot;:5,&quot;lazyload&quot;:&quot;yes&quot;,&quot;gap&quot;:{&quot;unit&quot;:&quot;px&quot;,&quot;size&quot;:10,&quot;sizes&quot;:[]},&quot;gap_tablet&quot;:{&quot;unit&quot;:&quot;px&quot;,&quot;size&quot;:10,&quot;sizes&quot;:[]},&quot;gap_mobile&quot;:{&quot;unit&quot;:&quot;px&quot;,&quot;size&quot;:10,&quot;sizes&quot;:[]},&quot;link_to&quot;:&quot;file&quot;,&quot;overlay_background&quot;:&quot;yes&quot;,&quot;content_hover_animation&quot;:&quot;fade-in&quot;}\" data-widget_type=\"gallery.default\">\n\t\t\t\t<div class=\"elementor-widget-container\">\n\t\t\t\t\t\t\t<div class=\"elementor-gallery__container\">\n\t\t\t\t\t\t\t<a class=\"e-gallery-item elementor-gallery-item elementor-animated-content\" href=\"https:\/\/obagaactivitats.cat\/wp-content\/uploads\/2024\/10\/formacio1.jpg\" data-elementor-open-lightbox=\"yes\" data-elementor-lightbox-slideshow=\"40b7f1af\" data-elementor-lightbox-title=\"formacio1\" data-e-action-hash=\"#elementor-action%3Aaction%3Dlightbox%26settings%3DeyJpZCI6NDQzLCJ1cmwiOiJodHRwczpcL1wvb2JhZ2FhY3Rpdml0YXRzLmNhdFwvd3AtY29udGVudFwvdXBsb2Fkc1wvMjAyNFwvMTBcL2Zvcm1hY2lvMS5qcGciLCJzbGlkZXNob3ciOiI0MGI3ZjFhZiJ9\">\n\t\t\t\t\t<div class=\"e-gallery-image elementor-gallery-item__image\" data-thumbnail=\"https:\/\/obagaactivitats.cat\/wp-content\/uploads\/2024\/10\/formacio1.jpg\" data-width=\"250\" data-height=\"220\" aria-label=\"\" role=\"img\" ><\/div>\n\t\t\t\t\t\t\t\t\t\t\t<div class=\"elementor-gallery-item__overlay\"><\/div>\n\t\t\t\t\t\t\t\t\t\t\t\t\t\t<\/a>\n\t\t\t\t\t\t\t<a class=\"e-gallery-item elementor-gallery-item elementor-animated-content\" href=\"https:\/\/obagaactivitats.cat\/wp-content\/uploads\/2024\/10\/formacio2.jpg\" data-elementor-open-lightbox=\"yes\" data-elementor-lightbox-slideshow=\"40b7f1af\" data-elementor-lightbox-title=\"formacio2\" data-e-action-hash=\"#elementor-action%3Aaction%3Dlightbox%26settings%3DeyJpZCI6NDQ0LCJ1cmwiOiJodHRwczpcL1wvb2JhZ2FhY3Rpdml0YXRzLmNhdFwvd3AtY29udGVudFwvdXBsb2Fkc1wvMjAyNFwvMTBcL2Zvcm1hY2lvMi5qcGciLCJzbGlkZXNob3ciOiI0MGI3ZjFhZiJ9\">\n\t\t\t\t\t<div class=\"e-gallery-image elementor-gallery-item__image\" data-thumbnail=\"https:\/\/obagaactivitats.cat\/wp-content\/uploads\/2024\/10\/formacio2-768x576.jpg\" data-width=\"768\" data-height=\"576\" aria-label=\"\" role=\"img\" ><\/div>\n\t\t\t\t\t\t\t\t\t\t\t<div class=\"elementor-gallery-item__overlay\"><\/div>\n\t\t\t\t\t\t\t\t\t\t\t\t\t\t<\/a>\n\t\t\t\t\t\t\t<a class=\"e-gallery-item elementor-gallery-item elementor-animated-content\" href=\"https:\/\/obagaactivitats.cat\/wp-content\/uploads\/2024\/10\/formacio3.jpg\" data-elementor-open-lightbox=\"yes\" data-elementor-lightbox-slideshow=\"40b7f1af\" data-elementor-lightbox-title=\"formacio3\" data-e-action-hash=\"#elementor-action%3Aaction%3Dlightbox%26settings%3DeyJpZCI6NDQ1LCJ1cmwiOiJodHRwczpcL1wvb2JhZ2FhY3Rpdml0YXRzLmNhdFwvd3AtY29udGVudFwvdXBsb2Fkc1wvMjAyNFwvMTBcL2Zvcm1hY2lvMy5qcGciLCJzbGlkZXNob3ciOiI0MGI3ZjFhZiJ9\">\n\t\t\t\t\t<div class=\"e-gallery-image elementor-gallery-item__image\" data-thumbnail=\"https:\/\/obagaactivitats.cat\/wp-content\/uploads\/2024\/10\/formacio3-768x576.jpg\" data-width=\"768\" data-height=\"576\" aria-label=\"\" role=\"img\" ><\/div>\n\t\t\t\t\t\t\t\t\t\t\t<div class=\"elementor-gallery-item__overlay\"><\/div>\n\t\t\t\t\t\t\t\t\t\t\t\t\t\t<\/a>\n\t\t\t\t\t\t\t<a class=\"e-gallery-item elementor-gallery-item elementor-animated-content\" href=\"https:\/\/obagaactivitats.cat\/wp-content\/uploads\/2024\/10\/formacio4.jpg\" data-elementor-open-lightbox=\"yes\" data-elementor-lightbox-slideshow=\"40b7f1af\" data-elementor-lightbox-title=\"formacio4\" data-e-action-hash=\"#elementor-action%3Aaction%3Dlightbox%26settings%3DeyJpZCI6NDQ2LCJ1cmwiOiJodHRwczpcL1wvb2JhZ2FhY3Rpdml0YXRzLmNhdFwvd3AtY29udGVudFwvdXBsb2Fkc1wvMjAyNFwvMTBcL2Zvcm1hY2lvNC5qcGciLCJzbGlkZXNob3ciOiI0MGI3ZjFhZiJ9\">\n\t\t\t\t\t<div class=\"e-gallery-image elementor-gallery-item__image\" data-thumbnail=\"https:\/\/obagaactivitats.cat\/wp-content\/uploads\/2024\/10\/formacio4.jpg\" data-width=\"162\" data-height=\"220\" aria-label=\"\" role=\"img\" ><\/div>\n\t\t\t\t\t\t\t\t\t\t\t<div class=\"elementor-gallery-item__overlay\"><\/div>\n\t\t\t\t\t\t\t\t\t\t\t\t\t\t<\/a>\n\t\t\t\t\t\t\t<a class=\"e-gallery-item elementor-gallery-item elementor-animated-content\" href=\"https:\/\/obagaactivitats.cat\/wp-content\/uploads\/2024\/10\/Reconnectem-amb-la-natura-2.jpg\" data-elementor-open-lightbox=\"yes\" data-elementor-lightbox-slideshow=\"40b7f1af\" data-elementor-lightbox-title=\"Reconnectem amb la natura 2\" data-e-action-hash=\"#elementor-action%3Aaction%3Dlightbox%26settings%3DeyJpZCI6NDQ3LCJ1cmwiOiJodHRwczpcL1wvb2JhZ2FhY3Rpdml0YXRzLmNhdFwvd3AtY29udGVudFwvdXBsb2Fkc1wvMjAyNFwvMTBcL1JlY29ubmVjdGVtLWFtYi1sYS1uYXR1cmEtMi5qcGciLCJzbGlkZXNob3ciOiI0MGI3ZjFhZiJ9\">\n\t\t\t\t\t<div class=\"e-gallery-image elementor-gallery-item__image\" data-thumbnail=\"https:\/\/obagaactivitats.cat\/wp-content\/uploads\/2024\/10\/Reconnectem-amb-la-natura-2.jpg\" data-width=\"286\" data-height=\"200\" aria-label=\"\" role=\"img\" ><\/div>\n\t\t\t\t\t\t\t\t\t\t\t<div class=\"elementor-gallery-item__overlay\"><\/div>\n\t\t\t\t\t\t\t\t\t\t\t\t\t\t<\/a>\n\t\t\t\t\t<\/div>\n\t\t\t\t\t<\/div>\n\t\t\t\t<\/div>\n\t\t\t\t\t<\/div>\n\t\t<\/div>\n\t\t\t\t\t<\/div>\n\t\t<\/section>\n\t\t\t\t<\/div>\n\t\t","protected":false},"excerpt":{"rendered":"<p>Formation OBAGA TRAINING travaille \u00e0 la cr\u00e9ation de monographies environnementales sp\u00e9cifiques et avec les diff\u00e9rentes entit\u00e9s qui d\u00e9veloppent des cours de formation. Formation Nous faisons partie de l&rsquo;\u00e9quipe de professeurs de l&rsquo;\u00c9cole technique du sport du Val d&rsquo;Aran (ETEVA). Moniteurs de jeunesse et de loisirs Directeurs d&rsquo;activit\u00e9s de loisirs et de jeunesse Monographies sur la [&hellip;]<\/p>\n","protected":false},"author":2,"featured_media":0,"parent":0,"menu_order":0,"comment_status":"closed","ping_status":"closed","template":"","meta":{"footnotes":""},"class_list":["post-2035","page","type-page","status-publish","hentry"],"yoast_head":"<!-- This site is optimized with the Yoast SEO plugin v27.5 - https:\/\/yoast.com\/product\/yoast-seo-wordpress\/ -->\n<title>Formation - Obaga activitats<\/title>\n<meta name=\"robots\" content=\"index, follow, max-snippet:-1, max-image-preview:large, max-video-preview:-1\" \/>\n<link rel=\"canonical\" href=\"https:\/\/obagaactivitats.cat\/formacion\/\" \/>\n<meta property=\"og:locale\" content=\"fr_FR\" \/>\n<meta property=\"og:type\" content=\"article\" \/>\n<meta property=\"og:title\" content=\"Formation - Obaga activitats\" \/>\n<meta property=\"og:description\" content=\"Formation OBAGA TRAINING travaille \u00e0 la cr\u00e9ation de monographies environnementales sp\u00e9cifiques et avec les diff\u00e9rentes entit\u00e9s qui d\u00e9veloppent des cours de formation. Formation Nous faisons partie de l&rsquo;\u00e9quipe de professeurs de l&rsquo;\u00c9cole technique du sport du Val d&rsquo;Aran (ETEVA). Moniteurs de jeunesse et de loisirs Directeurs d&rsquo;activit\u00e9s de loisirs et de jeunesse Monographies sur la [&hellip;]\" \/>\n<meta property=\"og:url\" content=\"https:\/\/obagaactivitats.cat\/formacion\/\" \/>\n<meta property=\"og:site_name\" content=\"Obaga activitats\" \/>\n<meta property=\"article:modified_time\" content=\"2024-12-11T22:20:57+00:00\" \/>\n<meta property=\"og:image\" content=\"https:\/\/obagaactivitats.cat\/wp-content\/uploads\/2024\/10\/IMG-20210608-WA0044.jpg\" \/>\n\t<meta property=\"og:image:width\" content=\"1984\" \/>\n\t<meta property=\"og:image:height\" content=\"1488\" \/>\n\t<meta property=\"og:image:type\" content=\"image\/jpeg\" \/>\n<meta name=\"twitter:card\" content=\"summary_large_image\" \/>\n<script type=\"application\/ld+json\" class=\"yoast-schema-graph\">{\"@context\":\"https:\\\/\\\/schema.org\",\"@graph\":[{\"@type\":\"WebPage\",\"@id\":\"https:\\\/\\\/obagaactivitats.cat\\\/formacion\\\/\",\"url\":\"https:\\\/\\\/obagaactivitats.cat\\\/formacion\\\/\",\"name\":\"Formation - Obaga activitats\",\"isPartOf\":{\"@id\":\"https:\\\/\\\/obagaactivitats.cat\\\/ca\\\/#website\"},\"primaryImageOfPage\":{\"@id\":\"https:\\\/\\\/obagaactivitats.cat\\\/formacion\\\/#primaryimage\"},\"image\":{\"@id\":\"https:\\\/\\\/obagaactivitats.cat\\\/formacion\\\/#primaryimage\"},\"thumbnailUrl\":\"https:\\\/\\\/obagaactivitats.cat\\\/wp-content\\\/uploads\\\/2024\\\/10\\\/IMG-20210608-WA0044.jpg\",\"datePublished\":\"2024-10-23T13:53:20+00:00\",\"dateModified\":\"2024-12-11T22:20:57+00:00\",\"breadcrumb\":{\"@id\":\"https:\\\/\\\/obagaactivitats.cat\\\/formacion\\\/#breadcrumb\"},\"inLanguage\":\"fr-FR\",\"potentialAction\":[{\"@type\":\"ReadAction\",\"target\":[\"https:\\\/\\\/obagaactivitats.cat\\\/formacion\\\/\"]}]},{\"@type\":\"ImageObject\",\"inLanguage\":\"fr-FR\",\"@id\":\"https:\\\/\\\/obagaactivitats.cat\\\/formacion\\\/#primaryimage\",\"url\":\"https:\\\/\\\/obagaactivitats.cat\\\/wp-content\\\/uploads\\\/2024\\\/10\\\/IMG-20210608-WA0044.jpg\",\"contentUrl\":\"https:\\\/\\\/obagaactivitats.cat\\\/wp-content\\\/uploads\\\/2024\\\/10\\\/IMG-20210608-WA0044.jpg\"},{\"@type\":\"BreadcrumbList\",\"@id\":\"https:\\\/\\\/obagaactivitats.cat\\\/formacion\\\/#breadcrumb\",\"itemListElement\":[{\"@type\":\"ListItem\",\"position\":1,\"name\":\"Portada\",\"item\":\"https:\\\/\\\/obagaactivitats.cat\\\/fr\\\/\"},{\"@type\":\"ListItem\",\"position\":2,\"name\":\"Formation\"}]},{\"@type\":\"WebSite\",\"@id\":\"https:\\\/\\\/obagaactivitats.cat\\\/ca\\\/#website\",\"url\":\"https:\\\/\\\/obagaactivitats.cat\\\/ca\\\/\",\"name\":\"Obaga activitats\",\"description\":\"Astronomia i ecoturisme. Guies de Natura i Muntanya. Educaci\u00f3, formaci\u00f3 i projectes.\",\"publisher\":{\"@id\":\"https:\\\/\\\/obagaactivitats.cat\\\/ca\\\/#organization\"},\"potentialAction\":[{\"@type\":\"SearchAction\",\"target\":{\"@type\":\"EntryPoint\",\"urlTemplate\":\"https:\\\/\\\/obagaactivitats.cat\\\/ca\\\/?s={search_term_string}\"},\"query-input\":{\"@type\":\"PropertyValueSpecification\",\"valueRequired\":true,\"valueName\":\"search_term_string\"}}],\"inLanguage\":\"fr-FR\"},{\"@type\":\"Organization\",\"@id\":\"https:\\\/\\\/obagaactivitats.cat\\\/ca\\\/#organization\",\"name\":\"Obaga activitats\",\"url\":\"https:\\\/\\\/obagaactivitats.cat\\\/ca\\\/\",\"logo\":{\"@type\":\"ImageObject\",\"inLanguage\":\"fr-FR\",\"@id\":\"https:\\\/\\\/obagaactivitats.cat\\\/ca\\\/#\\\/schema\\\/logo\\\/image\\\/\",\"url\":\"https:\\\/\\\/obagaactivitats.cat\\\/wp-content\\\/uploads\\\/2024\\\/10\\\/logo_obaga_117x74.jpg\",\"contentUrl\":\"https:\\\/\\\/obagaactivitats.cat\\\/wp-content\\\/uploads\\\/2024\\\/10\\\/logo_obaga_117x74.jpg\",\"width\":120,\"height\":111,\"caption\":\"Obaga activitats\"},\"image\":{\"@id\":\"https:\\\/\\\/obagaactivitats.cat\\\/ca\\\/#\\\/schema\\\/logo\\\/image\\\/\"}}]}<\/script>\n<!-- \/ Yoast SEO plugin. -->","yoast_head_json":{"title":"Formation - Obaga activitats","robots":{"index":"index","follow":"follow","max-snippet":"max-snippet:-1","max-image-preview":"max-image-preview:large","max-video-preview":"max-video-preview:-1"},"canonical":"https:\/\/obagaactivitats.cat\/formacion\/","og_locale":"fr_FR","og_type":"article","og_title":"Formation - Obaga activitats","og_description":"Formation OBAGA TRAINING travaille \u00e0 la cr\u00e9ation de monographies environnementales sp\u00e9cifiques et avec les diff\u00e9rentes entit\u00e9s qui d\u00e9veloppent des cours de formation. Formation Nous faisons partie de l&rsquo;\u00e9quipe de professeurs de l&rsquo;\u00c9cole technique du sport du Val d&rsquo;Aran (ETEVA). Moniteurs de jeunesse et de loisirs Directeurs d&rsquo;activit\u00e9s de loisirs et de jeunesse Monographies sur la [&hellip;]","og_url":"https:\/\/obagaactivitats.cat\/formacion\/","og_site_name":"Obaga activitats","article_modified_time":"2024-12-11T22:20:57+00:00","og_image":[{"width":1984,"height":1488,"url":"https:\/\/obagaactivitats.cat\/wp-content\/uploads\/2024\/10\/IMG-20210608-WA0044.jpg","type":"image\/jpeg"}],"twitter_card":"summary_large_image","schema":{"@context":"https:\/\/schema.org","@graph":[{"@type":"WebPage","@id":"https:\/\/obagaactivitats.cat\/formacion\/","url":"https:\/\/obagaactivitats.cat\/formacion\/","name":"Formation - Obaga activitats","isPartOf":{"@id":"https:\/\/obagaactivitats.cat\/ca\/#website"},"primaryImageOfPage":{"@id":"https:\/\/obagaactivitats.cat\/formacion\/#primaryimage"},"image":{"@id":"https:\/\/obagaactivitats.cat\/formacion\/#primaryimage"},"thumbnailUrl":"https:\/\/obagaactivitats.cat\/wp-content\/uploads\/2024\/10\/IMG-20210608-WA0044.jpg","datePublished":"2024-10-23T13:53:20+00:00","dateModified":"2024-12-11T22:20:57+00:00","breadcrumb":{"@id":"https:\/\/obagaactivitats.cat\/formacion\/#breadcrumb"},"inLanguage":"fr-FR","potentialAction":[{"@type":"ReadAction","target":["https:\/\/obagaactivitats.cat\/formacion\/"]}]},{"@type":"ImageObject","inLanguage":"fr-FR","@id":"https:\/\/obagaactivitats.cat\/formacion\/#primaryimage","url":"https:\/\/obagaactivitats.cat\/wp-content\/uploads\/2024\/10\/IMG-20210608-WA0044.jpg","contentUrl":"https:\/\/obagaactivitats.cat\/wp-content\/uploads\/2024\/10\/IMG-20210608-WA0044.jpg"},{"@type":"BreadcrumbList","@id":"https:\/\/obagaactivitats.cat\/formacion\/#breadcrumb","itemListElement":[{"@type":"ListItem","position":1,"name":"Portada","item":"https:\/\/obagaactivitats.cat\/fr\/"},{"@type":"ListItem","position":2,"name":"Formation"}]},{"@type":"WebSite","@id":"https:\/\/obagaactivitats.cat\/ca\/#website","url":"https:\/\/obagaactivitats.cat\/ca\/","name":"Obaga activitats","description":"Astronomia i ecoturisme. Guies de Natura i Muntanya. Educaci\u00f3, formaci\u00f3 i projectes.","publisher":{"@id":"https:\/\/obagaactivitats.cat\/ca\/#organization"},"potentialAction":[{"@type":"SearchAction","target":{"@type":"EntryPoint","urlTemplate":"https:\/\/obagaactivitats.cat\/ca\/?s={search_term_string}"},"query-input":{"@type":"PropertyValueSpecification","valueRequired":true,"valueName":"search_term_string"}}],"inLanguage":"fr-FR"},{"@type":"Organization","@id":"https:\/\/obagaactivitats.cat\/ca\/#organization","name":"Obaga activitats","url":"https:\/\/obagaactivitats.cat\/ca\/","logo":{"@type":"ImageObject","inLanguage":"fr-FR","@id":"https:\/\/obagaactivitats.cat\/ca\/#\/schema\/logo\/image\/","url":"https:\/\/obagaactivitats.cat\/wp-content\/uploads\/2024\/10\/logo_obaga_117x74.jpg","contentUrl":"https:\/\/obagaactivitats.cat\/wp-content\/uploads\/2024\/10\/logo_obaga_117x74.jpg","width":120,"height":111,"caption":"Obaga activitats"},"image":{"@id":"https:\/\/obagaactivitats.cat\/ca\/#\/schema\/logo\/image\/"}}]}},"_links":{"self":[{"href":"https:\/\/obagaactivitats.cat\/fr\/wp-json\/wp\/v2\/pages\/2035","targetHints":{"allow":["GET"]}}],"collection":[{"href":"https:\/\/obagaactivitats.cat\/fr\/wp-json\/wp\/v2\/pages"}],"about":[{"href":"https:\/\/obagaactivitats.cat\/fr\/wp-json\/wp\/v2\/types\/page"}],"author":[{"embeddable":true,"href":"https:\/\/obagaactivitats.cat\/fr\/wp-json\/wp\/v2\/users\/2"}],"replies":[{"embeddable":true,"href":"https:\/\/obagaactivitats.cat\/fr\/wp-json\/wp\/v2\/comments?post=2035"}],"version-history":[{"count":4,"href":"https:\/\/obagaactivitats.cat\/fr\/wp-json\/wp\/v2\/pages\/2035\/revisions"}],"predecessor-version":[{"id":2567,"href":"https:\/\/obagaactivitats.cat\/fr\/wp-json\/wp\/v2\/pages\/2035\/revisions\/2567"}],"wp:attachment":[{"href":"https:\/\/obagaactivitats.cat\/fr\/wp-json\/wp\/v2\/media?parent=2035"}],"curies":[{"name":"wp","href":"https:\/\/api.w.org\/{rel}","templated":true}]}}